{"id":61,"date":"2020-04-25T11:49:20","date_gmt":"2020-04-25T09:49:20","guid":{"rendered":"http:\/\/www.elevageberengere.fr\/?page_id=61"},"modified":"2020-12-09T14:28:59","modified_gmt":"2020-12-09T13:28:59","slug":"de-finberyo","status":"publish","type":"page","link":"https:\/\/www.elevageberengere.fr\/?page_id=61","title":{"rendered":"De FinBerYo"},"content":{"rendered":"\n<div class=\"wp-block-image\"><figure class=\"aligncenter size-large\"><img loading=\"lazy\" decoding=\"async\" width=\"1024\" height=\"494\" src=\"http:\/\/www.elevageberengere.fr\/wp-content\/uploads\/2020\/05\/SLIDER-x3-chien-1140x550-1-1024x494.jpg\" alt=\"\" class=\"wp-image-230\" srcset=\"https:\/\/www.elevageberengere.fr\/wp-content\/uploads\/2020\/05\/SLIDER-x3-chien-1140x550-1-1024x494.jpg 1024w, https:\/\/www.elevageberengere.fr\/wp-content\/uploads\/2020\/05\/SLIDER-x3-chien-1140x550-1-300x145.jpg 300w, https:\/\/www.elevageberengere.fr\/wp-content\/uploads\/2020\/05\/SLIDER-x3-chien-1140x550-1-768x371.jpg 768w, https:\/\/www.elevageberengere.fr\/wp-content\/uploads\/2020\/05\/SLIDER-x3-chien-1140x550-1-200x96.jpg 200w, https:\/\/www.elevageberengere.fr\/wp-content\/uploads\/2020\/05\/SLIDER-x3-chien-1140x550-1-690x333.jpg 690w, https:\/\/www.elevageberengere.fr\/wp-content\/uploads\/2020\/05\/SLIDER-x3-chien-1140x550-1.jpg 1140w\" sizes=\"(max-width: 1024px) 100vw, 1024px\" \/><\/figure><\/div>\n\n\n\n<h4 class=\"wp-block-heading\">\u00c9levage de FinBeryo &#8211; \u00ab&nbsp;Les Bergers du Pays Voironnais&nbsp;\u00bb<br><\/h4>\n\n\n\n<p>Recherchant un chien polyvalent, m\u00e9dioligne et capable de s&rsquo;adapter \u00e0 nos diverses activit\u00e9s, je me suis orient\u00e9e tout naturellement vers une race berg\u00e8re.<\/p>\n\n\n\n<p>Les qualit\u00e9s caract\u00e9rielles et la rusticit\u00e9 du Berger Belge m&rsquo;ont convaincues: mon prochain compagnon sera un malinois, ou plut\u00f4t une malinoise qui serait la base de ma souche d&rsquo;\u00e9levage.<\/p>\n\n\n\n<p>Renseignements pris aupr\u00e8s d&rsquo;un juge sp\u00e9cialiste de la race, ce dernier me conseille de m&rsquo;orienter vers une lice de grande valeur qui semble correspondre \u00e0 mes attentes: ce sera la SR Championne de France &amp; du Monde, \u00e9lite A \u00ab\u00a0Vanille du Cr\u00e9puscule des Loups\u00a0\u00bb<\/p>\n\n\n\n<p>J&rsquo;acqui\u00e8re donc sa fille Finw\u00eb du Cr\u00e9puscule des Loups qui rejoint l&rsquo;aventure FinBerYo&#8230;<\/p>\n\n\n\n<p>Ses qualit\u00e9s naturelles me permettent de pr\u00e9senter Finw\u00eb en exposition canine mais aussi et surtout d&rsquo;explorer diff\u00e9rentes disciplines de travail<\/p>\n\n\n\n<p>Nous obtenons donc le brevet d&rsquo;ob\u00e9issance, nous pr\u00e9parons le brevet ring, et enfin&#8230; nous d\u00e9couvrons le travail sur troupeau.<\/p>\n\n\n\n<p>Le formidable atavisme dont fait preuve Finw\u00eb, sa dressabilit\u00e9, sa complicit\u00e9 avec moi nous conduiront au plus haut niveau de la discipline puisque Finw\u00eb est en niveau 3 dans deux cursus de concours de chien de berger (IR et FCI)&#8230;<\/p>\n\n\n\n<p>Au-del\u00e0 de ses formidables r\u00e9sultats, Finw\u00eb m&rsquo;accompagne d\u00e9sormais quotidiennement dans mon travail d&rsquo;\u00e9leveur ovin!<\/p>\n\n\n\n<p><\/p>\n","protected":false},"excerpt":{"rendered":"<p>\u00c9levage de FinBeryo &#8211; \u00ab&nbsp;Les Bergers du Pays Voironnais&nbsp;\u00bb Recherchant un chien polyvalent, m\u00e9dioligne et capable de s&rsquo;adapter \u00e0 nos&nbsp;[&hellip;]<\/p>\n","protected":false},"author":1,"featured_media":0,"parent":0,"menu_order":0,"comment_status":"closed","ping_status":"closed","template":"page-templates\/template_fullwidth.php","meta":{"footnotes":""},"yoast_head":"<!-- This site is optimized with the Yoast SEO plugin v15.4 - https:\/\/yoast.com\/wordpress\/plugins\/seo\/ -->\n<title>De FinBerYo - Bergers Pays Voironnais<\/title>\n<meta name=\"robots\" content=\"index, follow, max-snippet:-1, max-image-preview:large, max-video-preview:-1\" \/>\n<link rel=\"canonical\" href=\"https:\/\/www.elevageberengere.fr\/?page_id=61\" \/>\n<meta property=\"og:locale\" content=\"fr_FR\" \/>\n<meta property=\"og:type\" content=\"article\" \/>\n<meta property=\"og:title\" content=\"De FinBerYo - Bergers Pays Voironnais\" \/>\n<meta property=\"og:description\" content=\"\u00c9levage de FinBeryo &#8211; \u00ab&nbsp;Les Bergers du Pays Voironnais&nbsp;\u00bb Recherchant un chien polyvalent, m\u00e9dioligne et capable de s&rsquo;adapter \u00e0 nos&nbsp;[&hellip;]\" \/>\n<meta property=\"og:url\" content=\"https:\/\/www.elevageberengere.fr\/?page_id=61\" \/>\n<meta property=\"og:site_name\" content=\"Bergers Pays Voironnais\" \/>\n<meta property=\"article:modified_time\" content=\"2020-12-09T13:28:59+00:00\" \/>\n<meta property=\"og:image\" content=\"http:\/\/www.elevageberengere.fr\/wp-content\/uploads\/2020\/05\/SLIDER-x3-chien-1140x550-1-1024x494.jpg\" \/>\n<meta name=\"twitter:card\" content=\"summary_large_image\" \/>\n<meta name=\"twitter:label1\" content=\"\u00c9crit par\">\n\t<meta name=\"twitter:data1\" content=\"elevageberengere\">\n\t<meta name=\"twitter:label2\" content=\"Dur\u00e9e de lecture est.\">\n\t<meta name=\"twitter:data2\" content=\"1 minute\">\n<script type=\"application\/ld+json\" class=\"yoast-schema-graph\">{\"@context\":\"https:\/\/schema.org\",\"@graph\":[{\"@type\":\"WebSite\",\"@id\":\"https:\/\/www.elevageberengere.fr\/#website\",\"url\":\"https:\/\/www.elevageberengere.fr\/\",\"name\":\"Bergers Pays Voironnais\",\"description\":\"Elevage  Canins   -   de  FinBerYo\",\"potentialAction\":[{\"@type\":\"SearchAction\",\"target\":\"https:\/\/www.elevageberengere.fr\/?s={search_term_string}\",\"query-input\":\"required name=search_term_string\"}],\"inLanguage\":\"fr-FR\"},{\"@type\":\"ImageObject\",\"@id\":\"https:\/\/www.elevageberengere.fr\/?page_id=61#primaryimage\",\"inLanguage\":\"fr-FR\",\"url\":\"http:\/\/www.elevageberengere.fr\/wp-content\/uploads\/2020\/05\/SLIDER-x3-chien-1140x550-1-1024x494.jpg\"},{\"@type\":\"WebPage\",\"@id\":\"https:\/\/www.elevageberengere.fr\/?page_id=61#webpage\",\"url\":\"https:\/\/www.elevageberengere.fr\/?page_id=61\",\"name\":\"De FinBerYo - Bergers Pays Voironnais\",\"isPartOf\":{\"@id\":\"https:\/\/www.elevageberengere.fr\/#website\"},\"primaryImageOfPage\":{\"@id\":\"https:\/\/www.elevageberengere.fr\/?page_id=61#primaryimage\"},\"datePublished\":\"2020-04-25T09:49:20+00:00\",\"dateModified\":\"2020-12-09T13:28:59+00:00\",\"inLanguage\":\"fr-FR\",\"potentialAction\":[{\"@type\":\"ReadAction\",\"target\":[\"https:\/\/www.elevageberengere.fr\/?page_id=61\"]}]}]}<\/script>\n<!-- \/ Yoast SEO plugin. -->","_links":{"self":[{"href":"https:\/\/www.elevageberengere.fr\/index.php?rest_route=\/wp\/v2\/pages\/61"}],"collection":[{"href":"https:\/\/www.elevageberengere.fr\/index.php?rest_route=\/wp\/v2\/pages"}],"about":[{"href":"https:\/\/www.elevageberengere.fr\/index.php?rest_route=\/wp\/v2\/types\/page"}],"author":[{"embeddable":true,"href":"https:\/\/www.elevageberengere.fr\/index.php?rest_route=\/wp\/v2\/users\/1"}],"replies":[{"embeddable":true,"href":"https:\/\/www.elevageberengere.fr\/index.php?rest_route=%2Fwp%2Fv2%2Fcomments&post=61"}],"version-history":[{"count":8,"href":"https:\/\/www.elevageberengere.fr\/index.php?rest_route=\/wp\/v2\/pages\/61\/revisions"}],"predecessor-version":[{"id":632,"href":"https:\/\/www.elevageberengere.fr\/index.php?rest_route=\/wp\/v2\/pages\/61\/revisions\/632"}],"wp:attachment":[{"href":"https:\/\/www.elevageberengere.fr\/index.php?rest_route=%2Fwp%2Fv2%2Fmedia&parent=61"}],"curies":[{"name":"wp","href":"https:\/\/api.w.org\/{rel}","templated":true}]}}