{"id":29,"date":"2020-04-25T11:42:03","date_gmt":"2020-04-25T09:42:03","guid":{"rendered":"http:\/\/www.elevageberengere.fr\/?page_id=29"},"modified":"2020-05-24T00:24:42","modified_gmt":"2020-05-23T22:24:42","slug":"notre-troupeau","status":"publish","type":"page","link":"https:\/\/www.elevageberengere.fr\/?page_id=29","title":{"rendered":"NOTRE TROUPEAU"},"content":{"rendered":"\n<figure class=\"wp-block-gallery aligncenter columns-2 is-cropped wp-block-gallery-1 is-layout-flex wp-block-gallery-is-layout-flex\"><ul class=\"blocks-gallery-grid\"><li class=\"blocks-gallery-item\"><figure><img loading=\"lazy\" decoding=\"async\" width=\"1024\" height=\"494\" src=\"http:\/\/www.elevageberengere.fr\/wp-content\/uploads\/2020\/05\/SLIDER-BIZET3-1140x550-1-1024x494.jpg\" alt=\"\" data-id=\"402\" data-link=\"http:\/\/www.elevageberengere.fr\/?attachment_id=402\" class=\"wp-image-402\" srcset=\"https:\/\/www.elevageberengere.fr\/wp-content\/uploads\/2020\/05\/SLIDER-BIZET3-1140x550-1-1024x494.jpg 1024w, https:\/\/www.elevageberengere.fr\/wp-content\/uploads\/2020\/05\/SLIDER-BIZET3-1140x550-1-300x145.jpg 300w, https:\/\/www.elevageberengere.fr\/wp-content\/uploads\/2020\/05\/SLIDER-BIZET3-1140x550-1-768x371.jpg 768w, https:\/\/www.elevageberengere.fr\/wp-content\/uploads\/2020\/05\/SLIDER-BIZET3-1140x550-1-200x96.jpg 200w, https:\/\/www.elevageberengere.fr\/wp-content\/uploads\/2020\/05\/SLIDER-BIZET3-1140x550-1-690x333.jpg 690w, https:\/\/www.elevageberengere.fr\/wp-content\/uploads\/2020\/05\/SLIDER-BIZET3-1140x550-1.jpg 1140w\" sizes=\"(max-width: 1024px) 100vw, 1024px\" \/><figcaption class=\"blocks-gallery-item__caption\"><strong>Bizet<\/strong><\/figcaption><\/figure><\/li><li class=\"blocks-gallery-item\"><figure><img loading=\"lazy\" decoding=\"async\" width=\"1024\" height=\"494\" src=\"http:\/\/www.elevageberengere.fr\/wp-content\/uploads\/2020\/05\/SLIDER-southdown2-1140x550-1-1024x494.jpg\" alt=\"\" data-id=\"408\" data-full-url=\"http:\/\/www.elevageberengere.fr\/wp-content\/uploads\/2020\/05\/SLIDER-southdown2-1140x550-1.jpg\" data-link=\"http:\/\/www.elevageberengere.fr\/?attachment_id=408\" class=\"wp-image-408\" srcset=\"https:\/\/www.elevageberengere.fr\/wp-content\/uploads\/2020\/05\/SLIDER-southdown2-1140x550-1-1024x494.jpg 1024w, https:\/\/www.elevageberengere.fr\/wp-content\/uploads\/2020\/05\/SLIDER-southdown2-1140x550-1-300x145.jpg 300w, https:\/\/www.elevageberengere.fr\/wp-content\/uploads\/2020\/05\/SLIDER-southdown2-1140x550-1-768x371.jpg 768w, https:\/\/www.elevageberengere.fr\/wp-content\/uploads\/2020\/05\/SLIDER-southdown2-1140x550-1-200x96.jpg 200w, https:\/\/www.elevageberengere.fr\/wp-content\/uploads\/2020\/05\/SLIDER-southdown2-1140x550-1-690x333.jpg 690w, https:\/\/www.elevageberengere.fr\/wp-content\/uploads\/2020\/05\/SLIDER-southdown2-1140x550-1.jpg 1140w\" sizes=\"(max-width: 1024px) 100vw, 1024px\" \/><figcaption class=\"blocks-gallery-item__caption\"><strong>Southdown<\/strong><\/figcaption><\/figure><\/li><li class=\"blocks-gallery-item\"><figure><img loading=\"lazy\" decoding=\"async\" width=\"1024\" height=\"494\" src=\"http:\/\/www.elevageberengere.fr\/wp-content\/uploads\/2020\/05\/SLIDER-ouessant-1140x550-1-1024x494.jpg\" alt=\"\" data-id=\"337\" data-link=\"http:\/\/www.elevageberengere.fr\/?attachment_id=337\" class=\"wp-image-337\" srcset=\"https:\/\/www.elevageberengere.fr\/wp-content\/uploads\/2020\/05\/SLIDER-ouessant-1140x550-1-1024x494.jpg 1024w, https:\/\/www.elevageberengere.fr\/wp-content\/uploads\/2020\/05\/SLIDER-ouessant-1140x550-1-300x145.jpg 300w, https:\/\/www.elevageberengere.fr\/wp-content\/uploads\/2020\/05\/SLIDER-ouessant-1140x550-1-768x371.jpg 768w, https:\/\/www.elevageberengere.fr\/wp-content\/uploads\/2020\/05\/SLIDER-ouessant-1140x550-1-200x96.jpg 200w, https:\/\/www.elevageberengere.fr\/wp-content\/uploads\/2020\/05\/SLIDER-ouessant-1140x550-1-690x333.jpg 690w, https:\/\/www.elevageberengere.fr\/wp-content\/uploads\/2020\/05\/SLIDER-ouessant-1140x550-1.jpg 1140w\" sizes=\"(max-width: 1024px) 100vw, 1024px\" \/><figcaption class=\"blocks-gallery-item__caption\"><strong>Mouton Ouessant<\/strong><\/figcaption><\/figure><\/li><li class=\"blocks-gallery-item\"><figure><img loading=\"lazy\" decoding=\"async\" width=\"1024\" height=\"494\" src=\"http:\/\/www.elevageberengere.fr\/wp-content\/uploads\/2020\/05\/SLIDER-PHOTO-CHEVRE-ECO-1140x550-1-1024x494.jpg\" alt=\"\" data-id=\"330\" data-link=\"http:\/\/www.elevageberengere.fr\/?attachment_id=330\" class=\"wp-image-330\" srcset=\"https:\/\/www.elevageberengere.fr\/wp-content\/uploads\/2020\/05\/SLIDER-PHOTO-CHEVRE-ECO-1140x550-1-1024x494.jpg 1024w, https:\/\/www.elevageberengere.fr\/wp-content\/uploads\/2020\/05\/SLIDER-PHOTO-CHEVRE-ECO-1140x550-1-300x145.jpg 300w, https:\/\/www.elevageberengere.fr\/wp-content\/uploads\/2020\/05\/SLIDER-PHOTO-CHEVRE-ECO-1140x550-1-768x371.jpg 768w, https:\/\/www.elevageberengere.fr\/wp-content\/uploads\/2020\/05\/SLIDER-PHOTO-CHEVRE-ECO-1140x550-1-200x96.jpg 200w, https:\/\/www.elevageberengere.fr\/wp-content\/uploads\/2020\/05\/SLIDER-PHOTO-CHEVRE-ECO-1140x550-1-690x333.jpg 690w, https:\/\/www.elevageberengere.fr\/wp-content\/uploads\/2020\/05\/SLIDER-PHOTO-CHEVRE-ECO-1140x550-1.jpg 1140w\" sizes=\"(max-width: 1024px) 100vw, 1024px\" \/><figcaption class=\"blocks-gallery-item__caption\"><strong>Ch\u00e8vre des Fosses<\/strong><\/figcaption><\/figure><\/li><\/ul><\/figure>\n\n\n\n<h2 class=\"wp-block-heading\">Note troupeau:<\/h2>\n\n\n\n<ul><li><strong>BIZET, <\/strong>race rustique Fran\u00e7aise du Massif Central.<\/li><li><strong>SOUTHDOWNS,<\/strong> race bouch\u00e8re du sud de l\u2019Angleterre.<\/li><li><strong>MOUTON DE OUESSANT<\/strong>, race de petite taille de l&rsquo;\u00eele d&rsquo;Ouessant en Bretagne.<\/li><li><strong>CH\u00c8VRE DES FOSSES, <\/strong>race rustique de Bretagne<\/li><\/ul>\n\n\n\n<p><\/p>\n\n\n\n<h1 class=\"wp-block-heading\"><strong>Bizet:<\/strong><\/h1>\n\n\n\n<div class=\"wp-block-image\"><figure class=\"alignleft is-resized\"><img loading=\"lazy\" decoding=\"async\" src=\"http:\/\/www.elevageberengere.fr\/wp-content\/uploads\/2020\/05\/SLIDER-BIZET2-1140x550-1-300x145.jpg\" alt=\"\" class=\"wp-image-415\" width=\"238\" height=\"115\" srcset=\"https:\/\/www.elevageberengere.fr\/wp-content\/uploads\/2020\/05\/SLIDER-BIZET2-1140x550-1-300x145.jpg 300w, https:\/\/www.elevageberengere.fr\/wp-content\/uploads\/2020\/05\/SLIDER-BIZET2-1140x550-1-1024x494.jpg 1024w, https:\/\/www.elevageberengere.fr\/wp-content\/uploads\/2020\/05\/SLIDER-BIZET2-1140x550-1-768x371.jpg 768w, https:\/\/www.elevageberengere.fr\/wp-content\/uploads\/2020\/05\/SLIDER-BIZET2-1140x550-1-200x96.jpg 200w, https:\/\/www.elevageberengere.fr\/wp-content\/uploads\/2020\/05\/SLIDER-BIZET2-1140x550-1-690x333.jpg 690w, https:\/\/www.elevageberengere.fr\/wp-content\/uploads\/2020\/05\/SLIDER-BIZET2-1140x550-1.jpg 1140w\" sizes=\"(max-width: 238px) 100vw, 238px\" \/><\/figure><\/div>\n\n\n\n<p>Originaire d\u00b4une zone pauvre du Massif Central, de moyenne montagne, la race Bizet est rustique et excellente marcheuse, les grands parcours ne lui font pas peur.<br>La Bizet sait valoriser les p\u00e2turages sales, \u00e0 fort d\u00e9nivel\u00e9s, quand elle ne trouve pas de v\u00e9g\u00e9tation au sol, elle \u00ab\u00a0met le nez en l&rsquo;air\u00a0\u00bb, comme les ch\u00e8vres, et se contente de feuilles d&rsquo;arbre, de buissons\u2026<br>La bonne couverture du corps par la toison favorise les conditions de vie \u00e0 l\u00b4ext\u00e9rieur, elle supporte des hivers rigoureux ainsi que des p\u00e9riodes caniculaires.<\/p>\n\n\n\n<p>C\u00b4est une race tr\u00e8s souple d\u00b4utilisation aussi bien dans la couverture de ses besoins alimentaires.<br>Son comportement sociable vis-\u00e0-vis de l\u00b4homme facilite les manipulations.<\/p>\n\n\n\n<p>Mes agneaux sont produits \u00e0 l&rsquo;herbe, sur les communes et les coteaux du Voironnais.<\/p>\n\n\n\n<p>La viande des agneaux de race Bizet a une saveur exceptionnelle, tr\u00e8s appr\u00e9ci\u00e9e des fins gourmets :<br><em>l&rsquo;histoire rapporte que le roi Louis XIV mangeait de la viande de mouton mais seulement du Bizet.<\/em><\/p>\n\n\n\n<p>Je croise avec une races \u00e0 viande Southdowns qui permet d&rsquo;am\u00e9liorer la conformation des agneaux de boucherie en F1<\/p>\n\n\n\n<h1 class=\"wp-block-heading\">S<strong>outhdown<\/strong>:<\/h1>\n\n\n\n<div class=\"wp-block-image\"><figure class=\"alignleft size-large is-resized\"><img loading=\"lazy\" decoding=\"async\" src=\"http:\/\/www.elevageberengere.fr\/wp-content\/uploads\/2020\/05\/SLIDER-southdown3-1140x550-1-1024x494.jpg\" alt=\"southdown\" class=\"wp-image-448\" width=\"238\" height=\"116\" srcset=\"https:\/\/www.elevageberengere.fr\/wp-content\/uploads\/2020\/05\/SLIDER-southdown3-1140x550-1-1024x494.jpg 1024w, https:\/\/www.elevageberengere.fr\/wp-content\/uploads\/2020\/05\/SLIDER-southdown3-1140x550-1-300x145.jpg 300w, https:\/\/www.elevageberengere.fr\/wp-content\/uploads\/2020\/05\/SLIDER-southdown3-1140x550-1-768x371.jpg 768w, https:\/\/www.elevageberengere.fr\/wp-content\/uploads\/2020\/05\/SLIDER-southdown3-1140x550-1-200x96.jpg 200w, https:\/\/www.elevageberengere.fr\/wp-content\/uploads\/2020\/05\/SLIDER-southdown3-1140x550-1-690x333.jpg 690w, https:\/\/www.elevageberengere.fr\/wp-content\/uploads\/2020\/05\/SLIDER-southdown3-1140x550-1.jpg 1140w\" sizes=\"(max-width: 238px) 100vw, 238px\" \/><\/figure><\/div>\n\n\n\n<p>Le Southdown est une race du sud de l\u2019Angleterre.<br>Exploit\u00e9 en plein-air ou semi plein-air.<br>Mes B\u00e9liers sont inscrit<\/p>\n\n\n\n<p>La bonne conformation de la race Southdown l&rsquo;oriente vers une utilisation des b\u00e9liers en croisements sur mes Bizet en F1<br>Les agneaux \u00e9lev\u00e9s \u00e0 l&rsquo;herbe sur les communes de Voiron, ils sont commercialis\u00e9s en \u00e9t\u00e9.<br>Bien que moyennement lourdes, les carcasses ainsi produites sont bien conform\u00e9es.<\/p>\n\n\n\n<p>Mes agneaux sont nourris uniquement \u00e0 l\u2019herbe sur mes p\u00e2turages du Voironnais et donnent une viande tr\u00e8s recherch\u00e9e : gr\u00e2ce \u00e0 une tr\u00e8s bonne conformation, les pi\u00e8ces sont riches en viande et les gigots de qualit\u00e9.<\/p>\n\n\n\n<h1 class=\"wp-block-heading\">Ouessant:<\/h1>\n\n\n\n<div class=\"wp-block-image\"><figure class=\"alignleft size-large is-resized\"><img loading=\"lazy\" decoding=\"async\" src=\"http:\/\/www.elevageberengere.fr\/wp-content\/uploads\/2020\/05\/SLIDER-PHOTO-OUESSANT-grande-1140x550-1-1024x494.jpg\" alt=\"\" class=\"wp-image-452\" width=\"235\" height=\"115\" srcset=\"https:\/\/www.elevageberengere.fr\/wp-content\/uploads\/2020\/05\/SLIDER-PHOTO-OUESSANT-grande-1140x550-1-300x145.jpg 300w, https:\/\/www.elevageberengere.fr\/wp-content\/uploads\/2020\/05\/SLIDER-PHOTO-OUESSANT-grande-1140x550-1-768x371.jpg 768w\" sizes=\"(max-width: 235px) 100vw, 235px\" \/><\/figure><\/div>\n\n\n\n<ul><li>Race de petite taille adapt\u00e9e \u00e0 l\u2019\u00e9levage d\u2019agr\u00e9ment.<\/li><li>Rustique: bons aplombs et bonne r\u00e9sistance au climat hivernal.<\/li><li>Bonne valorisation de ressources maigres.<\/li><\/ul>\n\n\n\n<p>La plus petite race ovine au monde<br>Taille petite : 46 cm (brebis) \u00e0 49 cm au garrot (b\u00e9lier).<br>11 \u00e0 16 kg (brebis) &#8211; 12 \u00e0 20 kg (b\u00e9liers).<\/p>\n\n\n\n<h1 class=\"wp-block-heading\"><strong>Ch\u00e8vre des Foss\u00e9s:<\/strong><\/h1>\n\n\n\n<div class=\"wp-block-image\"><figure class=\"alignleft size-large is-resized\"><img loading=\"lazy\" decoding=\"async\" src=\"http:\/\/www.elevageberengere.fr\/wp-content\/uploads\/2020\/05\/SLIDER-chevre1-1140x550-1.jpg\" alt=\"\" class=\"wp-image-453\" width=\"235\" height=\"263\" srcset=\"https:\/\/www.elevageberengere.fr\/wp-content\/uploads\/2020\/05\/SLIDER-chevre1-1140x550-1.jpg 492w, https:\/\/www.elevageberengere.fr\/wp-content\/uploads\/2020\/05\/SLIDER-chevre1-1140x550-1-268x300.jpg 268w, https:\/\/www.elevageberengere.fr\/wp-content\/uploads\/2020\/05\/SLIDER-chevre1-1140x550-1-200x224.jpg 200w\" sizes=\"(max-width: 235px) 100vw, 235px\" \/><\/figure><\/div>\n\n\n\n<ul><li>Rustique, bons aplombs et r\u00e9sistance au pi\u00e9tain<\/li><li>Bonne valorisation de toutes les ressources<\/li><li>Docile (respect des espaces clos) et famili\u00e8re<\/li><li>Maternelle<\/li><\/ul>\n\n\n\n<p>La ch\u00e8vre des foss\u00e9s, appel\u00e9e aussi ch\u00e8vre commune de l&rsquo;Ouest ou ch\u00e8vre des talus, est une race caprine fran\u00e7aise originaire des rives de la Manche.<br>La principale qualit\u00e9 de cette race est sa capacit\u00e9 \u00e0 d\u00e9broussailler et valoriser les ligneux et s&rsquo;attaque volontiers aux broussailles des coteaux sur les communes au alentours de Voiron et donc \u00e0 entretenir certains espaces naturels dans le cadre de l&rsquo;\u00e9co-pastoralisme.<\/p>\n\n\n\n<p>Mes Ch\u00e8vres des Fosses sont toutes inscrites et ont toutes le Certificat de l&rsquo;Association de Sauvegarde et de Promotion de la Ch\u00e8vre des Foss\u00e9s (ASP), leur but est de conserver la race.<\/p>\n\n\n\n<p><\/p>\n\n\n\n<div class=\"wp-block-image\"><figure class=\"aligncenter size-large\"><img loading=\"lazy\" decoding=\"async\" width=\"1024\" height=\"493\" src=\"http:\/\/www.elevageberengere.fr\/wp-content\/uploads\/2020\/05\/HEADER-DEMO-2020-1024x493.jpg\" alt=\"Troupeau de Bizet et ch\u00e8vre des Fosses\" class=\"wp-image-468\" srcset=\"https:\/\/www.elevageberengere.fr\/wp-content\/uploads\/2020\/05\/HEADER-DEMO-2020-1024x493.jpg 1024w, https:\/\/www.elevageberengere.fr\/wp-content\/uploads\/2020\/05\/HEADER-DEMO-2020-300x144.jpg 300w, https:\/\/www.elevageberengere.fr\/wp-content\/uploads\/2020\/05\/HEADER-DEMO-2020-768x369.jpg 768w, https:\/\/www.elevageberengere.fr\/wp-content\/uploads\/2020\/05\/HEADER-DEMO-2020-1536x739.jpg 1536w, https:\/\/www.elevageberengere.fr\/wp-content\/uploads\/2020\/05\/HEADER-DEMO-2020-200x96.jpg 200w, https:\/\/www.elevageberengere.fr\/wp-content\/uploads\/2020\/05\/HEADER-DEMO-2020-690x332.jpg 690w, https:\/\/www.elevageberengere.fr\/wp-content\/uploads\/2020\/05\/HEADER-DEMO-2020.jpg 1580w\" sizes=\"(max-width: 1024px) 100vw, 1024px\" \/><figcaption>Les Berges du Pays Voironnais<\/figcaption><\/figure><\/div>\n\n\n\n<p><\/p>\n","protected":false},"excerpt":{"rendered":"<p>Note troupeau: BIZET, race rustique Fran\u00e7aise du Massif Central. SOUTHDOWNS, race bouch\u00e8re du sud de l\u2019Angleterre. MOUTON DE OUESSANT, race&nbsp;[&hellip;]<\/p>\n","protected":false},"author":1,"featured_media":415,"parent":0,"menu_order":0,"comment_status":"closed","ping_status":"closed","template":"page-templates\/template_fullwidth.php","meta":{"footnotes":""},"yoast_head":"<!-- This site is optimized with the Yoast SEO plugin v15.4 - https:\/\/yoast.com\/wordpress\/plugins\/seo\/ -->\n<title>NOTRE TROUPEAU - Bergers Pays Voironnais<\/title>\n<meta name=\"description\" content=\"BIZET, SOUTHDOWNS, MOUTON OUESSANT et CHEVRE DES FOSSES sur les coteaux du Voironnais\" \/>\n<meta name=\"robots\" content=\"index, follow, max-snippet:-1, max-image-preview:large, max-video-preview:-1\" \/>\n<link rel=\"canonical\" href=\"http:\/\/www.elevageberengere.fr\/?page_id=29\" \/>\n<meta property=\"og:locale\" content=\"fr_FR\" \/>\n<meta property=\"og:type\" content=\"article\" \/>\n<meta property=\"og:title\" content=\"NOTRE TROUPEAU - Bergers Pays Voironnais\" \/>\n<meta property=\"og:description\" content=\"BIZET, SOUTHDOWNS, MOUTON OUESSANT et CHEVRE DES FOSSES sur les coteaux du Voironnais\" \/>\n<meta property=\"og:url\" content=\"http:\/\/www.elevageberengere.fr\/?page_id=29\" \/>\n<meta property=\"og:site_name\" content=\"Bergers Pays Voironnais\" \/>\n<meta property=\"article:modified_time\" content=\"2020-05-23T22:24:42+00:00\" \/>\n<meta property=\"og:image\" content=\"https:\/\/www.elevageberengere.fr\/wp-content\/uploads\/2020\/05\/SLIDER-BIZET2-1140x550-1.jpg\" \/>\n\t<meta property=\"og:image:width\" content=\"1140\" \/>\n\t<meta property=\"og:image:height\" content=\"550\" \/>\n<meta name=\"twitter:card\" content=\"summary_large_image\" \/>\n<meta name=\"twitter:label1\" content=\"\u00c9crit par\">\n\t<meta name=\"twitter:data1\" content=\"elevageberengere\">\n\t<meta name=\"twitter:label2\" content=\"Dur\u00e9e de lecture est.\">\n\t<meta name=\"twitter:data2\" content=\"2 minutes\">\n<script type=\"application\/ld+json\" class=\"yoast-schema-graph\">{\"@context\":\"https:\/\/schema.org\",\"@graph\":[{\"@type\":\"WebSite\",\"@id\":\"https:\/\/www.elevageberengere.fr\/#website\",\"url\":\"https:\/\/www.elevageberengere.fr\/\",\"name\":\"Bergers Pays Voironnais\",\"description\":\"Elevage  Canins   -   de  FinBerYo\",\"potentialAction\":[{\"@type\":\"SearchAction\",\"target\":\"https:\/\/www.elevageberengere.fr\/?s={search_term_string}\",\"query-input\":\"required name=search_term_string\"}],\"inLanguage\":\"fr-FR\"},{\"@type\":\"ImageObject\",\"@id\":\"http:\/\/www.elevageberengere.fr\/?page_id=29#primaryimage\",\"inLanguage\":\"fr-FR\",\"url\":\"https:\/\/www.elevageberengere.fr\/wp-content\/uploads\/2020\/05\/SLIDER-BIZET2-1140x550-1.jpg\",\"width\":1140,\"height\":550},{\"@type\":\"WebPage\",\"@id\":\"http:\/\/www.elevageberengere.fr\/?page_id=29#webpage\",\"url\":\"http:\/\/www.elevageberengere.fr\/?page_id=29\",\"name\":\"NOTRE TROUPEAU - Bergers Pays Voironnais\",\"isPartOf\":{\"@id\":\"https:\/\/www.elevageberengere.fr\/#website\"},\"primaryImageOfPage\":{\"@id\":\"http:\/\/www.elevageberengere.fr\/?page_id=29#primaryimage\"},\"datePublished\":\"2020-04-25T09:42:03+00:00\",\"dateModified\":\"2020-05-23T22:24:42+00:00\",\"description\":\"BIZET, SOUTHDOWNS, MOUTON OUESSANT et CHEVRE DES FOSSES sur les coteaux du Voironnais\",\"inLanguage\":\"fr-FR\",\"potentialAction\":[{\"@type\":\"ReadAction\",\"target\":[\"http:\/\/www.elevageberengere.fr\/?page_id=29\"]}]}]}<\/script>\n<!-- \/ Yoast SEO plugin. -->","_links":{"self":[{"href":"https:\/\/www.elevageberengere.fr\/index.php?rest_route=\/wp\/v2\/pages\/29"}],"collection":[{"href":"https:\/\/www.elevageberengere.fr\/index.php?rest_route=\/wp\/v2\/pages"}],"about":[{"href":"https:\/\/www.elevageberengere.fr\/index.php?rest_route=\/wp\/v2\/types\/page"}],"author":[{"embeddable":true,"href":"https:\/\/www.elevageberengere.fr\/index.php?rest_route=\/wp\/v2\/users\/1"}],"replies":[{"embeddable":true,"href":"https:\/\/www.elevageberengere.fr\/index.php?rest_route=%2Fwp%2Fv2%2Fcomments&post=29"}],"version-history":[{"count":61,"href":"https:\/\/www.elevageberengere.fr\/index.php?rest_route=\/wp\/v2\/pages\/29\/revisions"}],"predecessor-version":[{"id":614,"href":"https:\/\/www.elevageberengere.fr\/index.php?rest_route=\/wp\/v2\/pages\/29\/revisions\/614"}],"wp:featuredmedia":[{"embeddable":true,"href":"https:\/\/www.elevageberengere.fr\/index.php?rest_route=\/wp\/v2\/media\/415"}],"wp:attachment":[{"href":"https:\/\/www.elevageberengere.fr\/index.php?rest_route=%2Fwp%2Fv2%2Fmedia&parent=29"}],"curies":[{"name":"wp","href":"https:\/\/api.w.org\/{rel}","templated":true}]}}